{"id":523,"date":"2024-01-15T04:31:51","date_gmt":"2024-01-15T04:31:51","guid":{"rendered":"https:\/\/atlas.curtin.edu.au\/singapore\/how-to-apply\/admission-criteria\/english-prerequisites\/"},"modified":"2024-01-15T06:28:29","modified_gmt":"2024-01-15T06:28:29","slug":"english-prerequisites","status":"publish","type":"page","link":"https:\/\/atlas.curtin.edu.au\/singapore\/how-to-apply\/admission-criteria\/english-prerequisites\/","title":{"rendered":"English prerequisites"},"content":{"rendered":"\n<p>Part of the entry requirements into Curtin Singapore is English proficiency. The minimum English language requirements are outlined below.<\/p>\n\n\n<section\n                class=\"block accordions\" role=\"complementary\"\n        aria-label=\"Accordion\"\n        data-segment=\"all\">\n\n        \n\n    <div class=\"accordions__container\">\n                    <div class=\"accordion\">\n            <button class=\"accordion__heading accordion__toggle\" aria-controls=\"approved-english-proficiency-test\" aria-expanded=\"false\">Approved English proficiency test<span class=\"ico ico-chevron-fat ico--deep-blue\"><svg xmlns=\"http:\/\/www.w3.org\/2000\/svg\" viewBox=\"0 0 32 32\"><path d=\"M10.91 30.41l-2.82-2.82L19.67 16 8.09 4.41l2.82-2.82L25.33 16 10.91 30.41z\"\/><\/svg><\/span><\/button>\n        <div class=\"accordion__content content\" id=\"approved-english-proficiency-test\" aria-hidden=\"true\">\n                    <table style=\"border-collapse: collapse\" border=\"1\">\n<tbody>\n<tr>\n<td><strong>English language test <\/strong><\/td>\n<td><strong>Diploma (Stage 1) <\/strong><\/td>\n<td><strong>Diploma (Stage 2) <\/strong><\/td>\n<th class=\"column-4\">Undergraduate &#8211; Commerce\/Information Technology<\/th>\n<th class=\"column-5\">Undergraduate &#8211; Communications<\/th>\n<th class=\"column-6\">Undergraduate &#8211; Nursing<\/th>\n<th class=\"column-7\">Postgraduate<\/th>\n<\/tr>\n<tr class=\"row-2\">\n<td class=\"column-1\">IELTS Academic (International English Language Test System)<\/td>\n<td class=\"column-2\">5.5 (no band below 5.0)<\/td>\n<td>5.5 (no band below 5.5)<br \/>\n6.0 (no band below 6.0)*<\/td>\n<td class=\"column-4\">6.0 (no band below 6.0)<\/td>\n<td class=\"column-5\">6.5 (no band below 6.0)<\/td>\n<td class=\"column-6\">7.0 (no band below 6.5)<\/td>\n<td>6.5 (no band below 6.0)<br \/>\n7.0 (no band below 7.0^<\/td>\n<\/tr>\n<tr>\n<td>TOEFL iBT (Test of English as a Foreign Language &#8211; Internet Based Test)<br \/>\nTOEFL iBT Special Home Edition (where TOEFL iBT testing is not available)<\/td>\n<td class=\"column-2\">42 (no score below 36)<\/td>\n<td>52 (R8, L7, S16, W18)<br \/>\n68 (R13, L12, S18, W21)*<\/td>\n<td class=\"column-4\">68 (R13, L13, S18, W21)<\/td>\n<td class=\"column-5\">79 (R13, L13, S18, W21)<\/td>\n<td class=\"column-6\">94 (R20, L20, S20, W24)<\/td>\n<td class=\"column-7\">79 (R13, L13, S18, W21)<br \/>\n99 (R24, L24, S23, W27)^<\/td>\n<\/tr>\n<tr class=\"row-4\">\n<td class=\"column-1\">PTE Academic (Pearson Test of English)<\/td>\n<td class=\"column-2\">42 (no score below 36)<\/td>\n<td class=\"column-3\">42 (no score below 42)<br \/>\n50 (no score less than 50)*<\/td>\n<td class=\"column-4\">50 (no score less than 50)<\/td>\n<td class=\"column-5\">58 (no score less than 50)<\/td>\n<td class=\"column-6\">65 (no score less than 58)<\/td>\n<td class=\"column-7\">58 (no score less than 50)<br \/>\n65 (no score less than 65)^<\/td>\n<\/tr>\n<tr class=\"row-5\">\n<td class=\"column-1\">Pearson Versant English Placement Test<\/td>\n<td class=\"column-2\">50 (no score below 46)<\/td>\n<td>50 (no score below 50)<br \/>\n56 (no score less than 56)*<\/td>\n<td class=\"column-4\">N\/A<\/td>\n<td class=\"column-5\">N\/A<\/td>\n<td class=\"column-6\">N\/A<\/td>\n<td class=\"column-6\">N\/A<\/td>\n<\/tr>\n<tr>\n<td>C1 Advanced Overall Score<br \/>\nCambridge English Scale scores for each skill<\/td>\n<td>162 (No skill below 154)<\/td>\n<td>162 (No skill below 162)<br \/>\n162 (No skill below 169)*<\/td>\n<td class=\"column-4\">169 (No skill below 169)<\/td>\n<td class=\"column-5\">176 (No skill below 169)<\/td>\n<td class=\"column-6\">185 (No skill below 176)<\/td>\n<td>176 (No skill below 169)<br \/>\n185 (No skill below 185)^<\/td>\n<\/tr>\n<tr class=\"row-7\">\n<td class=\"column-1\">OET (Occupational English Test)<\/td>\n<td>&#8211;<\/td>\n<td>&#8211;<\/td>\n<td>Calculated average score of all components 250<br \/>\nR:250<br \/>\nW:250<br \/>\nL:250<br \/>\nS:250<\/td>\n<td>Calculated average score of all components 300<br \/>\nR:250<br \/>\nW:250<br \/>\nL:250<br \/>\nS:250<\/td>\n<td>Calculated average score of all components 350<br \/>\nR:300<br \/>\nW:300<br \/>\nL:300<br \/>\nS:300<\/td>\n<td>Calculated average score of all components 300<br \/>\nR:250<br \/>\nW:250<br \/>\nL:250<br \/>\nS:250Calculated average score of all components 350^<br \/>\nR:350<br \/>\nW:350<br \/>\nL:350<br \/>\nS:350<\/td>\n<\/tr>\n<\/tbody>\n<\/table>\n<p>* Minimum score for Curtin College Diploma of Arts and Creative Industries (Stage 2) program.<\/p>\n<p>^Minimum score for Curtin University health sciences postgraduate programs.<\/p>\n<p>Note: The test must have been undertaken within two years of application, however, they may be used for entry until the next immediate semester intake.<\/p>\n\n            <\/div>\n<\/div>                    <div class=\"accordion\">\n            <button class=\"accordion__heading accordion__toggle\" aria-controls=\"acceptable-secondary-qualifications-english-language-proficiency-for-undergraduate-course\" aria-expanded=\"false\">Acceptable secondary qualifications (English language proficiency for undergraduate course)<span class=\"ico ico-chevron-fat ico--deep-blue\"><svg xmlns=\"http:\/\/www.w3.org\/2000\/svg\" viewBox=\"0 0 32 32\"><path d=\"M10.91 30.41l-2.82-2.82L19.67 16 8.09 4.41l2.82-2.82L25.33 16 10.91 30.41z\"\/><\/svg><\/span><\/button>\n        <div class=\"accordion__content content\" id=\"acceptable-secondary-qualifications-english-language-proficiency-for-undergraduate-course\" aria-hidden=\"true\">\n                    <p>The results must have been released within five years of application, with the exception of GCSE, IGCSE, GCE AS and A Level, International Baccalaureate Diploma, and approved secondary qualifications undertaken and awarded in Australia, Canada, New Zealand, Republic of Ireland, Singapore, South Africa, United Kingdom and United States of America.<\/p>\n<div class=\"table-responsive\">\n<table style=\"border-collapse: collapse\" border=\"1\" width=\"900\">\n<tbody>\n<tr>\n<td><strong>Country\/region<\/strong><\/td>\n<td><strong>Accepted qualifications<\/strong><\/td>\n<td><strong>English requirement<\/strong><\/td>\n<td><strong> Must be completed within 5 years of application<\/strong><\/td>\n<\/tr>\n<tr>\n<td>Non-country\/region specific<\/td>\n<td>GCSE\/IGCSE\/GCE Ordinary Level GCE<br \/>\nAdvanced Subsidiary Level<\/td>\n<td>Grade C or better in one of the following subjects: English, English Literature, English Language, First Language English, English General Paper or English as Second Language<\/td>\n<td>No<\/td>\n<\/tr>\n<tr>\n<td><\/td>\n<td>GCE Advanced Level<\/td>\n<td>Grade E or better in one of the following subjects: English, English Literature, English Language, First Language English, English General Paper or English as Second Language<\/td>\n<td>No<\/td>\n<\/tr>\n<tr>\n<td><\/td>\n<td>International Baccalaureate (IB) Diploma<\/td>\n<td>Grade of 4 or above in one of the following subjects:<br \/>\n&#8211; English A: Literature (SL) or (HL);<br \/>\n&#8211; English A: Language and Literature (SL) or (HL);<br \/>\n&#8211; Literature and Performance (SL);<br \/>\n&#8211; English A1 (SL) or (HL);<br \/>\n&#8211; English A2 (SL) or (HL);<br \/>\n&#8211; English B (HL).<\/td>\n<td>No<\/td>\n<\/tr>\n<tr>\n<td>Australia<\/td>\n<td>Western Australia Certificate of Education (WACE)<\/td>\n<td>A scaled mark of 50 or above in one of the following subjects:<br \/>\n&#8211; English ATAR (from 2016)<br \/>\n&#8211; Literature ATAR (from 2016)<br \/>\n&#8211; English as an Additional Language\/Dialect ATAR (from 2016)<br \/>\n&#8211; Stage 2 or 3 English<br \/>\n&#8211; Stage 2 or 3 Literature<br \/>\n&#8211; Stage 2 or 3 English as an Additional<br \/>\nLanguage\/Dialect (EALD)<br \/>\n&#8211; TEE English<br \/>\n&#8211; TEE English Literature<br \/>\n&#8211; TEE English as a Second Language (ESL)<\/td>\n<td>No<\/td>\n<\/tr>\n<tr>\n<td>Canada<\/td>\n<td>High School Graduation Diploma (except Quebec)<\/td>\n<td>Grade of 60% or better in final year English subject<\/td>\n<td>No<\/td>\n<\/tr>\n<tr>\n<td>Denmark<\/td>\n<td>Danish upper secondary school (STX, HHX, and HF)<\/td>\n<td>English Level B &#8211; grade 7<br \/>\nEnglish Level A &#8211; grade 4 from 2007<\/td>\n<td>Yes<\/td>\n<\/tr>\n<tr>\n<td>Finland<\/td>\n<td>Ylioppilastutkinto \/ Studentexamen (Matriculation Examination)<\/td>\n<td>Grade of \u201cCum laude approbatur\u201d in English (Advanced)<\/td>\n<td>Yes<\/td>\n<\/tr>\n<tr>\n<td>Germany<\/td>\n<td>Abitur (Zeugnis der Allgemeinen Hochschulreife)<\/td>\n<td>Grade of 4 or better in English (refer to score stated in Block II: performance in school-leaving exams)<\/td>\n<td>Yes<\/td>\n<\/tr>\n<tr>\n<td><\/td>\n<td class=\"column-2\">Germany DAAD (Deutscher Akademischer Austauschdienst)<\/td>\n<td class=\"column-3\">B2 (4 stars) in meeting minimum English (i.e. IELTS 6.5 with no band less than 6.0); or with C 1 (5 stars) in meeting higher English criteria<\/td>\n<td>2 years<\/td>\n<\/tr>\n<tr>\n<td>Hong Kong<\/td>\n<td>Hong Kong Diploma of Secondary Education (HKDSE)<\/td>\n<td>Level 4 or above (4, 5, 5* or 5**) in the core subject English Language<\/td>\n<td>Yes<\/td>\n<\/tr>\n<tr>\n<td>India<\/td>\n<td class=\"column-2\">Indian School Certificate; or All India Senior School Certificate<\/td>\n<td class=\"column-3\">60% in English subject<\/td>\n<td>Yes<\/td>\n<\/tr>\n<tr>\n<td>Malaysia<\/td>\n<td>SPM<\/td>\n<td class=\"column-3\">1119 Bahasa Inggeris with grade A+ and CEFR C1<\/td>\n<td>Yes<\/td>\n<\/tr>\n<tr>\n<td>Norway<\/td>\n<td>Vitnem\u00e5l For Videreg\u00e5ende Oppl\u00e6ring<\/td>\n<td class=\"column-3\">Grade of 4 or better (4, 5 or 6) in English subject<\/td>\n<td>Yes<\/td>\n<\/tr>\n<tr>\n<td>Singapore<\/td>\n<td class=\"column-2\">Singapore-Cambridge GCE O-Level and A-Level<\/td>\n<td class=\"column-3\">Grade of C or better in O-Level English, English Literature or English Language; General Paper (H1 Level) or Knowledge and Inquiry (H2 Level)<\/td>\n<td>No<\/td>\n<\/tr>\n<tr class=\"row-16\">\n<td class=\"column-1\">Sri Lanka<\/td>\n<td class=\"column-2\">Sri Lankan General Certificate of Education Ordinary level or Advanced level<\/td>\n<td class=\"column-3\">C (Credit Pass) in English, General English<\/td>\n<td>Yes<\/td>\n<\/tr>\n<tr>\n<td>Sweden<\/td>\n<td class=\"column-2\">H\u00f6gskolef\u00f6rberedande Examen (from 2014)<\/td>\n<td class=\"column-3\">Grade C in English 6<\/td>\n<td>Yes<\/td>\n<\/tr>\n<tr class=\"row-19\">\n<td class=\"column-1\"><\/td>\n<td>Avg\u00e5ngsbetyg \/ Slutbetyg (Prior to 2014)<\/td>\n<td>VG grade in English C<\/td>\n<td>Yes<\/td>\n<\/tr>\n<tr class=\"row-19\">\n<td class=\"column-1\">United States<\/td>\n<td>ACT<\/td>\n<td>Composite Score of 21<\/td>\n<td>No<\/td>\n<\/tr>\n<tr>\n<td><\/td>\n<td class=\"column-2\">Advanced Placement (AP) examinations<\/td>\n<td>A grade of 3 or higher in English Language and Composition; or English Literature and Composition<\/td>\n<td>No<\/td>\n<\/tr>\n<tr>\n<td><\/td>\n<td class=\"column-2\">SAT (test sat from 2016)<\/td>\n<td>A combined score of at least 1000 out of 1600 in the Evidence based Reading and Writing and Math in the SAT from the same sitting, with a minimum of 400 in Evidence-based Reading and Writing section and 400 in Math section.<\/td>\n<td>No<\/td>\n<\/tr>\n<\/tbody>\n<\/table>\n<p>&nbsp;<\/p>\n<\/div>\n\n            <\/div>\n<\/div>                    <div class=\"accordion\">\n            <button class=\"accordion__heading accordion__toggle\" aria-controls=\"acceptable-vocational-qualifications-english-language-proficiency-for-undergraduate-course\" aria-expanded=\"false\">Acceptable vocational qualifications (English language proficiency for undergraduate course)<span class=\"ico ico-chevron-fat ico--deep-blue\"><svg xmlns=\"http:\/\/www.w3.org\/2000\/svg\" viewBox=\"0 0 32 32\"><path d=\"M10.91 30.41l-2.82-2.82L19.67 16 8.09 4.41l2.82-2.82L25.33 16 10.91 30.41z\"\/><\/svg><\/span><\/button>\n        <div class=\"accordion__content content\" id=\"acceptable-vocational-qualifications-english-language-proficiency-for-undergraduate-course\" aria-hidden=\"true\">\n                    <p>The following vocational qualifications must have been taught solely in English.<\/p>\n<p><strong>Australia<\/strong><\/p>\n<p>AQF Diploma, AQF Advanced Diploma, Associate Degree awarded by an Australian registered training organisation<\/p>\n<p><strong>Canada<\/strong><\/p>\n<p>Two year full-time Diploma, two year full-time Associate Degree awarded by a recognised institution<\/p>\n<p><strong>Singapore<\/strong><\/p>\n<p>Diploma, Advanced Diploma or Specialist Diploma awarded by a Polytechnic; Three year full-time Diploma awarded by BCA Academy<\/p>\n<p><strong>United Kingdom<\/strong><\/p>\n<p>Higher National Certificate; Higher National Diploma; Qualifications and Credit Framework (QCF) Level 4 or 5 Diploma; National Vocational Qualification (NVQ) Level 4 or 5 qualification; Scottish Vocational Qualification (SVQ) level 4 or 5 qualification.<\/p>\n<p><strong>United States of America<\/strong><\/p>\n<p>Two year full-time Associate degree awarded by a regionally-accredited institution<\/p>\n\n            <\/div>\n<\/div>                    <div class=\"accordion\">\n            <button class=\"accordion__heading accordion__toggle\" aria-controls=\"acceptable-tertiary-qualifications-english-language-proficiency-for-undergraduate-course\" aria-expanded=\"false\">Acceptable tertiary qualifications (English language proficiency for undergraduate course)<span class=\"ico ico-chevron-fat ico--deep-blue\"><svg xmlns=\"http:\/\/www.w3.org\/2000\/svg\" viewBox=\"0 0 32 32\"><path d=\"M10.91 30.41l-2.82-2.82L19.67 16 8.09 4.41l2.82-2.82L25.33 16 10.91 30.41z\"\/><\/svg><\/span><\/button>\n        <div class=\"accordion__content content\" id=\"acceptable-tertiary-qualifications-english-language-proficiency-for-undergraduate-course\" aria-hidden=\"true\">\n                    <p><strong>Undertaken in Australia<\/strong><\/p>\n<p>Successful completion of one semester full-time (equivalent to 0.5 EFTSL) of an undergraduate or<br \/>\npostgraduate coursework degree level study at a recognised University in Australia.<\/p>\n<p><strong>Undertaken outside of Australia<\/strong><\/p>\n<p>The following options must have been taught in English outside of Australia:<\/p>\n<ul>\n<li>Successful completion of at least one semester full-time or equivalent of an undergraduate or postgraduate coursework degree level study at a recognised University in New Zealand, Republic of Ireland, United Kingdom; or<\/li>\n<li>Successful completion of at least one year full-time or equivalent of an undergraduate or postgraduate coursework degree level study at a recognised University in Canada, Singapore, South Africa or United States of America; or<\/li>\n<li>Successful completion of an undergraduate or postgraduate coursework degree from a recognised overseas University, assessed by Curtin University as comparable to the educational level of an Australian Bachelor or Master Degree in which Curtin University recognised English is the sole language of instruction. The degree must have been awarded within five years of application, with the exception of qualifications undertaken and awarded in Australia, Canada, New Zealand, Republic of Ireland, Singapore, South Africa, United Kingdom and United States of America.<\/li>\n<\/ul>\n\n            <\/div>\n<\/div>                    <div class=\"accordion\">\n            <button class=\"accordion__heading accordion__toggle\" aria-controls=\"acceptable-tertiary-qualifications-english-language-proficiency-for-postgraduate-course\" aria-expanded=\"false\">Acceptable tertiary qualifications (English language proficiency for postgraduate course)<span class=\"ico ico-chevron-fat ico--deep-blue\"><svg xmlns=\"http:\/\/www.w3.org\/2000\/svg\" viewBox=\"0 0 32 32\"><path d=\"M10.91 30.41l-2.82-2.82L19.67 16 8.09 4.41l2.82-2.82L25.33 16 10.91 30.41z\"\/><\/svg><\/span><\/button>\n        <div class=\"accordion__content content\" id=\"acceptable-tertiary-qualifications-english-language-proficiency-for-postgraduate-course\" aria-hidden=\"true\">\n                    <p><strong>Undertaken in Australia<\/strong><\/p>\n<p>Successful completion of one semester full-time (equivalent to 0.5 EFTSL) of an undergraduate or postgraduate coursework degree level study at a recognised university in Australia<\/p>\n<p><strong>Undertaken outside of Australia<\/strong><\/p>\n<p>The following options must have been taught in English outside of Australia:<\/p>\n<ul>\n<li>Successful completion of at least one semester full-time or equivalent of an undergraduate or postgraduate coursework degree level study at a recognised University in New Zealand, Republic of Ireland or United Kingdom; or<\/li>\n<li>Successful completion of at least one year full-time or equivalent of an undergraduate or postgraduate coursework degree level study at a recognised University in Canada, Singapore, South Africa or United States of America; or<\/li>\n<li>Successful completion of an undergraduate or postgraduate coursework degree from a recognised overseas University, assessed by Curtin University as comparable to the educational level of an Australian Bachelor or Master Degree in which Curtin University recognised English is the sole language of instruction.<\/li>\n<\/ul>\n\n            <\/div>\n<\/div>            <\/div>\n\n<\/section>\n\n\n\n<p>These entry requirements are a guide only and other evidence of English proficiency may be considered. Please be advised some courses have specific English requirement criteria, refer to the&nbsp;<a href=\"https:\/\/curtin.edu.sg\/courses\/\">course page<\/a>&nbsp;for specific entry requirement.<\/p>\n\n\n\n<p>Students from countries not listed should contact the Admissions Office at Curtin Singapore on&nbsp;<a href=\"mailto:admissions@curtin.edu.sg\">admissions@curtin.edu.sg<\/a>&nbsp;for further details.<\/p>\n\n\n\n<h3>English programs<\/h3>\n<p>If you do not satisfy the English language requirements, you may be able to undertake an\u00a0<a href=\"https:\/\/atlas.curtin.edu.au\/singapore\/courses\/english-language-courses\/\">English program<\/a>\u00a0at Curtin Singapore prior to joining an academic program. English programs are delivered on campus by Navitas English.<\/p>\n","protected":false},"excerpt":{"rendered":"<p>Part of the entry requirements into Curtin Singapore is English proficiency. The minimum English language [&hellip;]<\/p>\n","protected":false},"author":12,"featured_media":0,"parent":517,"menu_order":1,"comment_status":"closed","ping_status":"closed","template":"","meta":{"footnotes":""},"tags":[],"class_list":["post-523","page","type-page","status-publish","hentry"],"acf":[],"_links":{"self":[{"href":"https:\/\/atlas.curtin.edu.au\/singapore\/wp-json\/wp\/v2\/pages\/523","targetHints":{"allow":["GET"]}}],"collection":[{"href":"https:\/\/atlas.curtin.edu.au\/singapore\/wp-json\/wp\/v2\/pages"}],"about":[{"href":"https:\/\/atlas.curtin.edu.au\/singapore\/wp-json\/wp\/v2\/types\/page"}],"author":[{"embeddable":true,"href":"https:\/\/atlas.curtin.edu.au\/singapore\/wp-json\/wp\/v2\/users\/12"}],"replies":[{"embeddable":true,"href":"https:\/\/atlas.curtin.edu.au\/singapore\/wp-json\/wp\/v2\/comments?post=523"}],"version-history":[{"count":0,"href":"https:\/\/atlas.curtin.edu.au\/singapore\/wp-json\/wp\/v2\/pages\/523\/revisions"}],"up":[{"embeddable":true,"href":"https:\/\/atlas.curtin.edu.au\/singapore\/wp-json\/wp\/v2\/pages\/517"}],"wp:attachment":[{"href":"https:\/\/atlas.curtin.edu.au\/singapore\/wp-json\/wp\/v2\/media?parent=523"}],"wp:term":[{"taxonomy":"post_tag","embeddable":true,"href":"https:\/\/atlas.curtin.edu.au\/singapore\/wp-json\/wp\/v2\/tags?post=523"}],"curies":[{"name":"wp","href":"https:\/\/api.w.org\/{rel}","templated":true}]}}